{"id":1479,"date":"2025-03-25T15:50:52","date_gmt":"2025-03-25T15:50:52","guid":{"rendered":"https:\/\/devcentre.ca\/privacy-policy\/"},"modified":"2025-07-23T17:38:35","modified_gmt":"2025-07-23T17:38:35","slug":"politique-de-confidentialite","status":"publish","type":"page","link":"https:\/\/devcentre.ca\/fr\/politique-de-confidentialite\/","title":{"rendered":"Politique de confidentialit\u00e9"},"content":{"rendered":"[vc_row type=\u00a0\u00bbin_container\u00a0\u00bb full_screen_row_position=\u00a0\u00bbmiddle\u00a0\u00bb column_margin=\u00a0\u00bbdefault\u00a0\u00bb column_direction=\u00a0\u00bbdefault\u00a0\u00bb column_direction_tablet=\u00a0\u00bbdefault\u00a0\u00bb column_direction_phone=\u00a0\u00bbdefault\u00a0\u00bb scene_position=\u00a0\u00bbcenter\u00a0\u00bb text_color=\u00a0\u00bbdark\u00a0\u00bb text_align=\u00a0\u00bbleft\u00a0\u00bb row_border_radius=\u00a0\u00bbnone\u00a0\u00bb row_border_radius_applies=\u00a0\u00bbbg\u00a0\u00bb overflow=\u00a0\u00bbvisible\u00a0\u00bb overlay_strength=\u00a0\u00bb0.3&Prime; gradient_direction=\u00a0\u00bbleft_to_right\u00a0\u00bb shape_divider_position=\u00a0\u00bbbottom\u00a0\u00bb bg_image_animation=\u00a0\u00bbnone\u00a0\u00bb][vc_column column_padding=\u00a0\u00bbno-extra-padding\u00a0\u00bb column_padding_tablet=\u00a0\u00bbinherit\u00a0\u00bb column_padding_phone=\u00a0\u00bbinherit\u00a0\u00bb column_padding_position=\u00a0\u00bball\u00a0\u00bb column_element_direction_desktop=\u00a0\u00bbdefault\u00a0\u00bb column_element_spacing=\u00a0\u00bbdefault\u00a0\u00bb desktop_text_alignment=\u00a0\u00bbdefault\u00a0\u00bb tablet_text_alignment=\u00a0\u00bbdefault\u00a0\u00bb phone_text_alignment=\u00a0\u00bbdefault\u00a0\u00bb background_color_opacity=\u00a0\u00bb1&Prime; background_hover_color_opacity=\u00a0\u00bb1&Prime; column_backdrop_filter=\u00a0\u00bbnone\u00a0\u00bb column_shadow=\u00a0\u00bbnone\u00a0\u00bb column_border_radius=\u00a0\u00bbnone\u00a0\u00bb column_link_target=\u00a0\u00bb_self\u00a0\u00bb column_position=\u00a0\u00bbdefault\u00a0\u00bb gradient_direction=\u00a0\u00bbleft_to_right\u00a0\u00bb overlay_strength=\u00a0\u00bb0.3&Prime; width=\u00a0\u00bb1\/1&Prime; tablet_width_inherit=\u00a0\u00bbdefault\u00a0\u00bb animation_type=\u00a0\u00bbdefault\u00a0\u00bb bg_image_animation=\u00a0\u00bbnone\u00a0\u00bb border_type=\u00a0\u00bbsimple\u00a0\u00bb column_border_width=\u00a0\u00bbnone\u00a0\u00bb column_border_style=\u00a0\u00bbsolid\u00a0\u00bb][vc_column_text css=\u00a0\u00bb\u00a0\u00bb text_direction=\u00a0\u00bbdefault\u00a0\u00bb]\r\n<h2 class=\"wp-block-heading\"><\/h2>\r\n<p class=\"p1\"><b>Protection des donn\u00e9es<\/b><b><\/b><\/p>\r\n<p class=\"p3\">Nous accordons une grande importance \u00e0 la protection de vos renseignements personnels. Conscients de la confiance que vous nous accordez, nous nous engageons \u00e0 pr\u00e9server la confidentialit\u00e9 de vos informations conform\u00e9ment aux lois sur la protection des donn\u00e9es, notamment la Loi sur la protection des renseignements personnels et les documents \u00e9lectroniques (LPRPDE) ainsi que toute autre r\u00e9glementation applicable. Nous nous engageons \u00e0 ne recueillir, utiliser, partager et conserver que les renseignements personnels n\u00e9cessaires \u00e0 nos activit\u00e9s et \u00e0 la prestation de nos services.<\/p>\r\n<p class=\"p1\"><b>Consentement<\/b><b><\/b><\/p>\r\n<p class=\"p3\">Nous obtenons g\u00e9n\u00e9ralement votre consentement par \u00e9crit ou verbalement. Toutefois, nous ne demanderons pas votre consentement pour la collecte, l\u2019utilisation ou la communication de vos renseignements personnels lorsqu\u2019ils sont n\u00e9cessaires \u00e0 la fourniture de nos services.<\/p>\r\n<p class=\"p1\"><b>Collecte<\/b><b><\/b><\/p>\r\n<p class=\"p3\">Nous veillons \u00e0 la protection des renseignements personnels d\u00e8s leur collecte et mettons en place des mesures de s\u00e9curit\u00e9 afin de les prot\u00e9ger contre toute utilisation non autoris\u00e9e, perte accidentelle, modification, divulgation ou acc\u00e8s non autoris\u00e9, usage abusif ou tout usage ill\u00e9gal, conform\u00e9ment \u00e0 la loi. Cependant, nous ne pouvons garantir une protection absolue contre toute faille de s\u00e9curit\u00e9.<\/p>\r\n<p class=\"p1\"><b>Communications<\/b><b><\/b><\/p>\r\n<p class=\"p3\">Nous pouvons transmettre certains renseignements personnels \u00e0 des tiers, notamment des sous-traitants ou des fournisseurs de services. Les contrats conclus avec ces tiers pr\u00e9voient des engagements stricts en mati\u00e8re de confidentialit\u00e9 et de conformit\u00e9 au cadre l\u00e9gal relatif \u00e0 la protection des renseignements personnels.<\/p>\r\n<p class=\"p1\"><b>Responsable de la protection des renseignements personnels<\/b><b><\/b><\/p>\r\n<p class=\"p3\">Pour toute question, commentaire ou plainte, vous pouvez contacter la personne responsable de la protection des renseignements personnels, Ma\u00efka S\u00e9guin, \u00e0 l\u2019adresse suivante : mseguin@devcore.ca.<\/p>\r\n<p class=\"p1\"><b>Navigation<\/b><b><\/b><\/p>\r\n<p class=\"p3\">Vous pouvez naviguer sur notre site Web sans vous identifier ni fournir de renseignements personnels. Toutefois, certaines informations anonymes sont automatiquement recueillies, telles que votre adresse IP, votre fournisseur d\u2019acc\u00e8s Internet, le type de navigateur et le syst\u00e8me d\u2019exploitation utilis\u00e9, ainsi que l\u2019adresse du site Web que vous avez visit\u00e9 avant le n\u00f4tre. Si vous acceptez les t\u00e9moins (cookies), ceux-ci seront utilis\u00e9s de mani\u00e8re anonyme pour personnaliser votre exp\u00e9rience. Pour en savoir plus, veuillez consulter la section sur les cookies.<\/p>\r\n<p class=\"p1\"><b>T\u00e9moins (Cookies)<\/b><b><\/b><\/p>\r\n<p class=\"p3\">Lorsque vous laissez un commentaire sur notre site, vous avez la possibilit\u00e9 d\u2019enregistrer votre nom, votre adresse courriel et votre site Web dans des t\u00e9moins. Cela vous \u00e9vite d\u2019avoir \u00e0 saisir ces informations \u00e0 nouveau lors de futurs commentaires. Ces t\u00e9moins ont une dur\u00e9e de vie d\u2019un an.<\/p>\r\n<h2 class=\"wp-block-heading\"><\/h2>\r\n<h2 class=\"wp-block-heading\"><\/h2>\r\n[\/vc_column_text][\/vc_column][\/vc_row]","protected":false},"excerpt":{"rendered":"<p>[vc_row type=\u00a0\u00bbin_container\u00a0\u00bb full_screen_row_position=\u00a0\u00bbmiddle\u00a0\u00bb column_margin=\u00a0\u00bbdefault\u00a0\u00bb column_direction=\u00a0\u00bbdefault\u00a0\u00bb column_direction_tablet=\u00a0\u00bbdefault\u00a0\u00bb column_direction_phone=\u00a0\u00bbdefault\u00a0\u00bb scene_position=\u00a0\u00bbcenter\u00a0\u00bb text_color=\u00a0\u00bbdark\u00a0\u00bb text_align=\u00a0\u00bbleft\u00a0\u00bb row_border_radius=\u00a0\u00bbnone\u00a0\u00bb row_border_radius_applies=\u00a0\u00bbbg\u00a0\u00bb overflow=\u00a0\u00bbvisible\u00a0\u00bb overlay_strength=\u00a0\u00bb0.3&Prime; gradient_direction=\u00a0\u00bbleft_to_right\u00a0\u00bb shape_divider_position=\u00a0\u00bbbottom\u00a0\u00bb bg_image_animation=\u00a0\u00bbnone\u00a0\u00bb][vc_column column_padding=\u00a0\u00bbno-extra-padding\u00a0\u00bb&#8230;<\/p>\n","protected":false},"author":1,"featured_media":0,"parent":0,"menu_order":0,"comment_status":"closed","ping_status":"open","template":"","meta":{"_acf_changed":false,"footnotes":""},"class_list":["post-1479","page","type-page","status-publish"],"acf":[],"yoast_head":"<!-- This site is optimized with the Yoast SEO plugin v27.5 - https:\/\/yoast.com\/product\/yoast-seo-wordpress\/ -->\n<title>Politique de confidentialit\u00e9 - DEV H\u00f4tel et Centre de conf\u00e9rences<\/title>\n<meta name=\"robots\" content=\"index, follow, max-snippet:-1, max-image-preview:large, max-video-preview:-1\" \/>\n<link rel=\"canonical\" href=\"https:\/\/devcentre.ca\/fr\/politique-de-confidentialite\/\" \/>\n<meta property=\"og:locale\" content=\"fr_FR\" \/>\n<meta property=\"og:type\" content=\"article\" \/>\n<meta property=\"og:title\" content=\"Politique de confidentialit\u00e9 - DEV H\u00f4tel et Centre de conf\u00e9rences\" \/>\n<meta property=\"og:description\" content=\"[vc_row type=\u00a0\u00bbin_container\u00a0\u00bb full_screen_row_position=\u00a0\u00bbmiddle\u00a0\u00bb column_margin=\u00a0\u00bbdefault\u00a0\u00bb column_direction=\u00a0\u00bbdefault\u00a0\u00bb column_direction_tablet=\u00a0\u00bbdefault\u00a0\u00bb column_direction_phone=\u00a0\u00bbdefault\u00a0\u00bb scene_position=\u00a0\u00bbcenter\u00a0\u00bb text_color=\u00a0\u00bbdark\u00a0\u00bb text_align=\u00a0\u00bbleft\u00a0\u00bb row_border_radius=\u00a0\u00bbnone\u00a0\u00bb row_border_radius_applies=\u00a0\u00bbbg\u00a0\u00bb overflow=\u00a0\u00bbvisible\u00a0\u00bb overlay_strength=\u00a0\u00bb0.3&Prime; gradient_direction=\u00a0\u00bbleft_to_right\u00a0\u00bb shape_divider_position=\u00a0\u00bbbottom\u00a0\u00bb bg_image_animation=\u00a0\u00bbnone\u00a0\u00bb][vc_column column_padding=\u00a0\u00bbno-extra-padding\u00a0\u00bb...\" \/>\n<meta property=\"og:url\" content=\"https:\/\/devcentre.ca\/fr\/politique-de-confidentialite\/\" \/>\n<meta property=\"og:site_name\" content=\"DEV Hotel &amp; Conference Centre\" \/>\n<meta property=\"article:modified_time\" content=\"2025-07-23T17:38:35+00:00\" \/>\n<meta property=\"og:image\" content=\"https:\/\/devcentre.ca\/wp-content\/uploads\/2025\/05\/Dev_Share.jpg\" \/>\n\t<meta property=\"og:image:width\" content=\"1200\" \/>\n\t<meta property=\"og:image:height\" content=\"630\" \/>\n\t<meta property=\"og:image:type\" content=\"image\/jpeg\" \/>\n<meta name=\"twitter:card\" content=\"summary_large_image\" \/>\n<meta name=\"twitter:label1\" content=\"Dur\u00e9e de lecture estim\u00e9e\" \/>\n\t<meta name=\"twitter:data1\" content=\"2 minutes\" \/>\n<script type=\"application\/ld+json\" class=\"yoast-schema-graph\">{\"@context\":\"https:\\\/\\\/schema.org\",\"@graph\":[{\"@type\":\"WebPage\",\"@id\":\"https:\\\/\\\/devcentre.ca\\\/fr\\\/politique-de-confidentialite\\\/\",\"url\":\"https:\\\/\\\/devcentre.ca\\\/fr\\\/politique-de-confidentialite\\\/\",\"name\":\"Politique de confidentialit\u00e9 - DEV H\u00f4tel et Centre de conf\u00e9rences\",\"isPartOf\":{\"@id\":\"https:\\\/\\\/devcentre.ca\\\/fr\\\/#website\"},\"datePublished\":\"2025-03-25T15:50:52+00:00\",\"dateModified\":\"2025-07-23T17:38:35+00:00\",\"breadcrumb\":{\"@id\":\"https:\\\/\\\/devcentre.ca\\\/fr\\\/politique-de-confidentialite\\\/#breadcrumb\"},\"inLanguage\":\"fr-FR\",\"potentialAction\":[{\"@type\":\"ReadAction\",\"target\":[\"https:\\\/\\\/devcentre.ca\\\/fr\\\/politique-de-confidentialite\\\/\"]}]},{\"@type\":\"BreadcrumbList\",\"@id\":\"https:\\\/\\\/devcentre.ca\\\/fr\\\/politique-de-confidentialite\\\/#breadcrumb\",\"itemListElement\":[{\"@type\":\"ListItem\",\"position\":1,\"name\":\"Home\",\"item\":\"https:\\\/\\\/devcentre.ca\\\/fr\\\/\"},{\"@type\":\"ListItem\",\"position\":2,\"name\":\"Politique de confidentialit\u00e9\"}]},{\"@type\":\"WebSite\",\"@id\":\"https:\\\/\\\/devcentre.ca\\\/fr\\\/#website\",\"url\":\"https:\\\/\\\/devcentre.ca\\\/fr\\\/\",\"name\":\"DEV Hotel & Conference Centre\",\"description\":\"Your All-in-one Destination for Business and Leisure\",\"publisher\":{\"@id\":\"https:\\\/\\\/devcentre.ca\\\/fr\\\/#organization\"},\"potentialAction\":[{\"@type\":\"SearchAction\",\"target\":{\"@type\":\"EntryPoint\",\"urlTemplate\":\"https:\\\/\\\/devcentre.ca\\\/fr\\\/?s={search_term_string}\"},\"query-input\":{\"@type\":\"PropertyValueSpecification\",\"valueRequired\":true,\"valueName\":\"search_term_string\"}}],\"inLanguage\":\"fr-FR\"},{\"@type\":\"Organization\",\"@id\":\"https:\\\/\\\/devcentre.ca\\\/fr\\\/#organization\",\"name\":\"DEV Hotel & Conference Centre\",\"url\":\"https:\\\/\\\/devcentre.ca\\\/fr\\\/\",\"logo\":{\"@type\":\"ImageObject\",\"inLanguage\":\"fr-FR\",\"@id\":\"https:\\\/\\\/devcentre.ca\\\/fr\\\/#\\\/schema\\\/logo\\\/image\\\/\",\"url\":\"https:\\\/\\\/devcentre.ca\\\/wp-content\\\/uploads\\\/2025\\\/03\\\/DEV-HOTEL-LOGO_FULL.png\",\"contentUrl\":\"https:\\\/\\\/devcentre.ca\\\/wp-content\\\/uploads\\\/2025\\\/03\\\/DEV-HOTEL-LOGO_FULL.png\",\"width\":800,\"height\":450,\"caption\":\"DEV Hotel & Conference Centre\"},\"image\":{\"@id\":\"https:\\\/\\\/devcentre.ca\\\/fr\\\/#\\\/schema\\\/logo\\\/image\\\/\"}}]}<\/script>\n<!-- \/ Yoast SEO plugin. -->","yoast_head_json":{"title":"Politique de confidentialit\u00e9 - DEV H\u00f4tel et Centre de conf\u00e9rences","robots":{"index":"index","follow":"follow","max-snippet":"max-snippet:-1","max-image-preview":"max-image-preview:large","max-video-preview":"max-video-preview:-1"},"canonical":"https:\/\/devcentre.ca\/fr\/politique-de-confidentialite\/","og_locale":"fr_FR","og_type":"article","og_title":"Politique de confidentialit\u00e9 - DEV H\u00f4tel et Centre de conf\u00e9rences","og_description":"[vc_row type=\u00a0\u00bbin_container\u00a0\u00bb full_screen_row_position=\u00a0\u00bbmiddle\u00a0\u00bb column_margin=\u00a0\u00bbdefault\u00a0\u00bb column_direction=\u00a0\u00bbdefault\u00a0\u00bb column_direction_tablet=\u00a0\u00bbdefault\u00a0\u00bb column_direction_phone=\u00a0\u00bbdefault\u00a0\u00bb scene_position=\u00a0\u00bbcenter\u00a0\u00bb text_color=\u00a0\u00bbdark\u00a0\u00bb text_align=\u00a0\u00bbleft\u00a0\u00bb row_border_radius=\u00a0\u00bbnone\u00a0\u00bb row_border_radius_applies=\u00a0\u00bbbg\u00a0\u00bb overflow=\u00a0\u00bbvisible\u00a0\u00bb overlay_strength=\u00a0\u00bb0.3&Prime; gradient_direction=\u00a0\u00bbleft_to_right\u00a0\u00bb shape_divider_position=\u00a0\u00bbbottom\u00a0\u00bb bg_image_animation=\u00a0\u00bbnone\u00a0\u00bb][vc_column column_padding=\u00a0\u00bbno-extra-padding\u00a0\u00bb...","og_url":"https:\/\/devcentre.ca\/fr\/politique-de-confidentialite\/","og_site_name":"DEV Hotel &amp; Conference Centre","article_modified_time":"2025-07-23T17:38:35+00:00","og_image":[{"width":1200,"height":630,"url":"https:\/\/devcentre.ca\/wp-content\/uploads\/2025\/05\/Dev_Share.jpg","type":"image\/jpeg"}],"twitter_card":"summary_large_image","twitter_misc":{"Dur\u00e9e de lecture estim\u00e9e":"2 minutes"},"schema":{"@context":"https:\/\/schema.org","@graph":[{"@type":"WebPage","@id":"https:\/\/devcentre.ca\/fr\/politique-de-confidentialite\/","url":"https:\/\/devcentre.ca\/fr\/politique-de-confidentialite\/","name":"Politique de confidentialit\u00e9 - DEV H\u00f4tel et Centre de conf\u00e9rences","isPartOf":{"@id":"https:\/\/devcentre.ca\/fr\/#website"},"datePublished":"2025-03-25T15:50:52+00:00","dateModified":"2025-07-23T17:38:35+00:00","breadcrumb":{"@id":"https:\/\/devcentre.ca\/fr\/politique-de-confidentialite\/#breadcrumb"},"inLanguage":"fr-FR","potentialAction":[{"@type":"ReadAction","target":["https:\/\/devcentre.ca\/fr\/politique-de-confidentialite\/"]}]},{"@type":"BreadcrumbList","@id":"https:\/\/devcentre.ca\/fr\/politique-de-confidentialite\/#breadcrumb","itemListElement":[{"@type":"ListItem","position":1,"name":"Home","item":"https:\/\/devcentre.ca\/fr\/"},{"@type":"ListItem","position":2,"name":"Politique de confidentialit\u00e9"}]},{"@type":"WebSite","@id":"https:\/\/devcentre.ca\/fr\/#website","url":"https:\/\/devcentre.ca\/fr\/","name":"DEV Hotel & Conference Centre","description":"Your All-in-one Destination for Business and Leisure","publisher":{"@id":"https:\/\/devcentre.ca\/fr\/#organization"},"potentialAction":[{"@type":"SearchAction","target":{"@type":"EntryPoint","urlTemplate":"https:\/\/devcentre.ca\/fr\/?s={search_term_string}"},"query-input":{"@type":"PropertyValueSpecification","valueRequired":true,"valueName":"search_term_string"}}],"inLanguage":"fr-FR"},{"@type":"Organization","@id":"https:\/\/devcentre.ca\/fr\/#organization","name":"DEV Hotel & Conference Centre","url":"https:\/\/devcentre.ca\/fr\/","logo":{"@type":"ImageObject","inLanguage":"fr-FR","@id":"https:\/\/devcentre.ca\/fr\/#\/schema\/logo\/image\/","url":"https:\/\/devcentre.ca\/wp-content\/uploads\/2025\/03\/DEV-HOTEL-LOGO_FULL.png","contentUrl":"https:\/\/devcentre.ca\/wp-content\/uploads\/2025\/03\/DEV-HOTEL-LOGO_FULL.png","width":800,"height":450,"caption":"DEV Hotel & Conference Centre"},"image":{"@id":"https:\/\/devcentre.ca\/fr\/#\/schema\/logo\/image\/"}}]}},"_links":{"self":[{"href":"https:\/\/devcentre.ca\/fr\/wp-json\/wp\/v2\/pages\/1479","targetHints":{"allow":["GET"]}}],"collection":[{"href":"https:\/\/devcentre.ca\/fr\/wp-json\/wp\/v2\/pages"}],"about":[{"href":"https:\/\/devcentre.ca\/fr\/wp-json\/wp\/v2\/types\/page"}],"author":[{"embeddable":true,"href":"https:\/\/devcentre.ca\/fr\/wp-json\/wp\/v2\/users\/1"}],"replies":[{"embeddable":true,"href":"https:\/\/devcentre.ca\/fr\/wp-json\/wp\/v2\/comments?post=1479"}],"version-history":[{"count":3,"href":"https:\/\/devcentre.ca\/fr\/wp-json\/wp\/v2\/pages\/1479\/revisions"}],"predecessor-version":[{"id":1492,"href":"https:\/\/devcentre.ca\/fr\/wp-json\/wp\/v2\/pages\/1479\/revisions\/1492"}],"wp:attachment":[{"href":"https:\/\/devcentre.ca\/fr\/wp-json\/wp\/v2\/media?parent=1479"}],"curies":[{"name":"wp","href":"https:\/\/api.w.org\/{rel}","templated":true}]}}